{"id":12589,"date":"2025-02-07T11:55:31","date_gmt":"2025-02-07T11:55:31","guid":{"rendered":"https:\/\/visiodry.fr\/partnerschap\/"},"modified":"2025-03-21T12:05:46","modified_gmt":"2025-03-21T12:05:46","slug":"partnerschap","status":"publish","type":"page","link":"https:\/\/visiodry.fr\/nl\/partnerschap\/","title":{"rendered":"Partnerschap"},"content":{"rendered":"\t\t<div data-elementor-type=\"wp-page\" data-elementor-id=\"12589\" class=\"elementor elementor-12589 elementor-8608\">\n\t\t\t\t<div class=\"elementor-element elementor-element-a7ea20f e-flex e-con-boxed e-con e-parent\" data-id=\"a7ea20f\" data-element_type=\"container\" data-e-type=\"container\" data-settings=\"{&quot;background_background&quot;:&quot;classic&quot;}\">\n\t\t\t\t\t<div class=\"e-con-inner\">\n\t\t<div class=\"elementor-element elementor-element-e105402 e-con-full e-flex e-con e-child\" data-id=\"e105402\" data-element_type=\"container\" data-e-type=\"container\">\n\t\t\t\t<div class=\"elementor-element elementor-element-9ee4fbb elementor-widget elementor-widget-heading\" data-id=\"9ee4fbb\" data-element_type=\"widget\" data-e-type=\"widget\" data-widget_type=\"heading.default\">\n\t\t\t\t<div class=\"elementor-widget-container\">\n\t\t\t\t\t<h2 class=\"elementor-heading-title elementor-size-default\">Partnerschap<\/h2>\t\t\t\t<\/div>\n\t\t\t\t<\/div>\n\t\t\t\t<div class=\"elementor-element elementor-element-6e43d22 elementor-widget__width-initial elementor-widget-mobile__width-inherit elementor-widget elementor-widget-hub_fancy_heading\" data-id=\"6e43d22\" data-element_type=\"widget\" data-e-type=\"widget\" data-widget_type=\"hub_fancy_heading.default\">\n\t\t\t\t<div class=\"elementor-widget-container\">\n\t\t\t\t\t\n\t\t<div id=\"ld-fancy-heading-69de63348caac\" class=\"ld-fancy-heading pos-rel\">\n\t\t\t\t\t<\/div>\n\n\t\t\t\t\t\t<\/div>\n\t\t\t\t<\/div>\n\t\t\t\t<\/div>\n\t\t\t\t\t<\/div>\n\t\t\t\t<\/div>\n\t\t<div class=\"elementor-element elementor-element-8e64d22 e-flex e-con-boxed e-con e-parent\" data-id=\"8e64d22\" data-element_type=\"container\" data-e-type=\"container\">\n\t\t\t\t\t<div class=\"e-con-inner\">\n\t\t\t\t<div class=\"elementor-element elementor-element-97cdc52 elementor-widget elementor-widget-ld_blog\" data-id=\"97cdc52\" data-element_type=\"widget\" data-e-type=\"widget\" data-widget_type=\"ld_blog.default\">\n\t\t\t\t<div class=\"elementor-widget-container\">\n\t\t\t\t\t<div class=\"lqd-lp-grid 97cdc52 blog-id-159177810 \"><div class=\"lqd-lp-grid-inner\" data-id=\"0\"><div class=\"lqd-lp-row row pos-rel d-flex flex-wrap\" ><div class=\"lqd-lp-column d-flex flex-column col-md-6 col-sm-6 surfactis-nl lqd-f-71\"><article id=\"post-12865\" class=\"lqd-lp pos-rel lqd-lp lqd-lp-style-6 lqd-lp-style-6-alt lqd-lp-hover-img-zoom lqd-lp-hover-img-zoom-out lqd-lp-animate-onhover border-radius-4 overflow-hidden text-start post-12865 post type-post status-publish format-standard has-post-thumbnail hentry category-surfactis-nl\">\n<div class=\"lqd-lp-img overflow-hidden\">\n\n\t<figure><img fetchpriority=\"high\" decoding=\"async\" width=\"640\" height=\"364\" src=\"https:\/\/visiodry.fr\/wp-content\/uploads\/2025\/02\/Images-site-visiodry_Maurice-Manificat-2-640x364.png\" class=\"w-100 wp-post-image\" alt=\"\" itemprop=\"image\" \/><\/figure>\n\t<div class=\"lqd-lp-meta text-uppercase font-weight-bold pos-rel z-index-3\">\n\t\t\t<\/div>\n\n<\/div>\n\n<header class=\"lqd-lp-header pt-4 ps-3 pe-3 px-3\">\n\n\t<div class=\"lqd-lp-meta lqd-lp-meta-dot-between d-flex flex-wrap align-items-center\">\n\n\t\t<div class=\"lqd-lp-author pos-rel z-index-3\">\n\t\t\t<div class=\"lqd-lp-author-info\">\n\t\t\t\t<h3 class=\"mt-0 mb-0\"><a href=\"https:\/\/visiodry.fr\/nl\/author\/acsinformatique\/\">VisioDry<\/a><\/h3>\n\t\t\t<\/div>\n\t\t<\/div>\n\n\t\t<time class=\"lqd-lp-date\" datetime=\"2025-02-21T09:37:17+00:00\">21 februari 2025<\/time>\n\t<\/div>\n\n\t<h2 class=\"entry-title lqd-lp-title mt-2 mb-0 h5\"><a  href=\"https:\/\/visiodry.fr\/nl\/maurice-manificat\/\" rel=\"bookmark\">Maurice Manificat<\/a><\/h2>\n<\/header>\n\n\t\t\t<div class=\"lqd-lp-excerpt pt-2 pb-4 ps-3 pe-3 px-3\">\n\t\t\t\tMeer dan 15 jaar langlaufer op hoog niveau, 4x olympisch medaillewinnaar, 4x wereldmedaillewinnaar Het beste record in Frans langlaufen op&hellip;\t\t\t<\/div>\n\t\t\n<a  href=\"https:\/\/visiodry.fr\/nl\/maurice-manificat\/\" class=\"lqd-lp-overlay-link lqd-overlay lqd-cc-label-trigger z-index-2\" tab-index=\"-1\"><\/a><\/article><\/div><div class=\"lqd-lp-column d-flex flex-column col-md-6 col-sm-6 \"><article id=\"post-12894\" class=\"lqd-lp pos-rel lqd-lp lqd-lp-style-6 lqd-lp-style-6-alt lqd-lp-hover-img-zoom lqd-lp-hover-img-zoom-out lqd-lp-animate-onhover border-radius-4 overflow-hidden text-start post-12894 post type-post status-publish format-standard has-post-thumbnail hentry\">\n<div class=\"lqd-lp-img overflow-hidden\">\n\n\t<figure><img decoding=\"async\" width=\"640\" height=\"364\" src=\"data:image\/svg+xml;charset=utf-8,%3Csvg xmlns%3D&#039;http%3A%2F%2Fwww.w3.org%2F2000%2Fsvg&#039; viewBox%3D&#039;0 0 640 364&#039;%2F%3E\" class=\"w-100 ld-lazyload wp-post-image\" alt=\"\" itemprop=\"image\" data-src=\"https:\/\/visiodry.fr\/wp-content\/uploads\/2025\/02\/Images-site-visiodry_Gregg-Black-2-640x364.png\" data-aspect=\"1.7582417582418\" \/><\/figure>\n\t<div class=\"lqd-lp-meta text-uppercase font-weight-bold pos-rel z-index-3\">\n\t\t\t<\/div>\n\n<\/div>\n\n<header class=\"lqd-lp-header pt-4 ps-3 pe-3 px-3\">\n\n\t<div class=\"lqd-lp-meta lqd-lp-meta-dot-between d-flex flex-wrap align-items-center\">\n\n\t\t<div class=\"lqd-lp-author pos-rel z-index-3\">\n\t\t\t<div class=\"lqd-lp-author-info\">\n\t\t\t\t<h3 class=\"mt-0 mb-0\"><a href=\"https:\/\/visiodry.fr\/nl\/author\/acsinformatique\/\">VisioDry<\/a><\/h3>\n\t\t\t<\/div>\n\t\t<\/div>\n\n\t\t<time class=\"lqd-lp-date\" datetime=\"2025-02-21T09:34:16+00:00\">21 februari 2025<\/time>\n\t<\/div>\n\n\t<h2 class=\"entry-title lqd-lp-title mt-2 mb-0 h5\"><a  href=\"https:\/\/visiodry.fr\/nl\/gregg-zwart\/\" rel=\"bookmark\">Gregg Zwart<\/a><\/h2>\n<\/header>\n\n\t\t\t<div class=\"lqd-lp-excerpt pt-2 pb-4 ps-3 pe-3 px-3\">\n\t\t\t\tMoto Endurance wereldkampioen in 2020 en 2021 met het Yoshimura SERT Motul team Ik heb VISIODRY\u00ae in enduro getest op&hellip;\t\t\t<\/div>\n\t\t\n<a  href=\"https:\/\/visiodry.fr\/nl\/gregg-zwart\/\" class=\"lqd-lp-overlay-link lqd-overlay lqd-cc-label-trigger z-index-2\" tab-index=\"-1\"><\/a><\/article><\/div><div class=\"lqd-lp-column d-flex flex-column col-md-6 col-sm-6 surfactis-nl lqd-f-71\"><article id=\"post-12902\" class=\"lqd-lp pos-rel lqd-lp lqd-lp-style-6 lqd-lp-style-6-alt lqd-lp-hover-img-zoom lqd-lp-hover-img-zoom-out lqd-lp-animate-onhover border-radius-4 overflow-hidden text-start post-12902 post type-post status-publish format-standard has-post-thumbnail hentry category-surfactis-nl\">\n<div class=\"lqd-lp-img overflow-hidden\">\n\n\t<figure><img decoding=\"async\" width=\"640\" height=\"364\" src=\"data:image\/svg+xml;charset=utf-8,%3Csvg xmlns%3D&#039;http%3A%2F%2Fwww.w3.org%2F2000%2Fsvg&#039; viewBox%3D&#039;0 0 640 364&#039;%2F%3E\" class=\"w-100 ld-lazyload wp-post-image\" alt=\"\" itemprop=\"image\" data-src=\"https:\/\/visiodry.fr\/wp-content\/uploads\/2025\/02\/Images-site-visiodry_Steve-Chainel-2-640x364.png\" data-aspect=\"1.7582417582418\" \/><\/figure>\n\t<div class=\"lqd-lp-meta text-uppercase font-weight-bold pos-rel z-index-3\">\n\t\t\t<\/div>\n\n<\/div>\n\n<header class=\"lqd-lp-header pt-4 ps-3 pe-3 px-3\">\n\n\t<div class=\"lqd-lp-meta lqd-lp-meta-dot-between d-flex flex-wrap align-items-center\">\n\n\t\t<div class=\"lqd-lp-author pos-rel z-index-3\">\n\t\t\t<div class=\"lqd-lp-author-info\">\n\t\t\t\t<h3 class=\"mt-0 mb-0\"><a href=\"https:\/\/visiodry.fr\/nl\/author\/acsinformatique\/\">VisioDry<\/a><\/h3>\n\t\t\t<\/div>\n\t\t<\/div>\n\n\t\t<time class=\"lqd-lp-date\" datetime=\"2025-02-21T09:27:38+00:00\">21 februari 2025<\/time>\n\t<\/div>\n\n\t<h2 class=\"entry-title lqd-lp-title mt-2 mb-0 h5\"><a  href=\"https:\/\/visiodry.fr\/nl\/steve-chainel\/\" rel=\"bookmark\">Steve Chainel<\/a><\/h2>\n<\/header>\n\n\t\t\t<div class=\"lqd-lp-excerpt pt-2 pb-4 ps-3 pe-3 px-3\">\n\t\t\t\tProfessioneel wielrenner, oprichter van Cross Team Legendre Frans kampioen veldrijden in 2018 4e in het wereldkampioenschap veldrijden in 2006 3&hellip;\t\t\t<\/div>\n\t\t\n<a  href=\"https:\/\/visiodry.fr\/nl\/steve-chainel\/\" class=\"lqd-lp-overlay-link lqd-overlay lqd-cc-label-trigger z-index-2\" tab-index=\"-1\"><\/a><\/article><\/div><div class=\"lqd-lp-column d-flex flex-column col-md-6 col-sm-6 surfactis-nl lqd-f-71\"><article id=\"post-12648\" class=\"lqd-lp pos-rel lqd-lp lqd-lp-style-6 lqd-lp-style-6-alt lqd-lp-hover-img-zoom lqd-lp-hover-img-zoom-out lqd-lp-animate-onhover border-radius-4 overflow-hidden text-start post-12648 post type-post status-publish format-standard has-post-thumbnail hentry category-surfactis-nl\">\n<div class=\"lqd-lp-img overflow-hidden\">\n\n\t<figure><img loading=\"lazy\" decoding=\"async\" width=\"640\" height=\"364\" src=\"data:image\/svg+xml;charset=utf-8,%3Csvg xmlns%3D&#039;http%3A%2F%2Fwww.w3.org%2F2000%2Fsvg&#039; viewBox%3D&#039;0 0 640 364&#039;%2F%3E\" class=\"w-100 ld-lazyload wp-post-image\" alt=\"\" itemprop=\"image\" data-src=\"https:\/\/visiodry.fr\/wp-content\/uploads\/2025\/02\/Images-site-visiodry_Joris-Ryf-2-640x364.png\" data-aspect=\"1.7582417582418\" \/><\/figure>\n\t<div class=\"lqd-lp-meta text-uppercase font-weight-bold pos-rel z-index-3\">\n\t\t\t<\/div>\n\n<\/div>\n\n<header class=\"lqd-lp-header pt-4 ps-3 pe-3 px-3\">\n\n\t<div class=\"lqd-lp-meta lqd-lp-meta-dot-between d-flex flex-wrap align-items-center\">\n\n\t\t<div class=\"lqd-lp-author pos-rel z-index-3\">\n\t\t\t<div class=\"lqd-lp-author-info\">\n\t\t\t\t<h3 class=\"mt-0 mb-0\"><a href=\"https:\/\/visiodry.fr\/nl\/author\/acsinformatique\/\">VisioDry<\/a><\/h3>\n\t\t\t<\/div>\n\t\t<\/div>\n\n\t\t<time class=\"lqd-lp-date\" datetime=\"2025-02-21T09:23:00+00:00\">21 februari 2025<\/time>\n\t<\/div>\n\n\t<h2 class=\"entry-title lqd-lp-title mt-2 mb-0 h5\"><a  href=\"https:\/\/visiodry.fr\/nl\/joris-ryf\/\" rel=\"bookmark\">Joris Ryf<\/a><\/h2>\n<\/header>\n\n\t\t\t<div class=\"lqd-lp-excerpt pt-2 pb-4 ps-3 pe-3 px-3\">\n\t\t\t\tWereldkampioen e-bike Sommigen van jullie hebben me gevraagd wat ik gebruik voor modderige races zoals vandaag. Ik breng VISIODRY aan&hellip;\t\t\t<\/div>\n\t\t\n<a  href=\"https:\/\/visiodry.fr\/nl\/joris-ryf\/\" class=\"lqd-lp-overlay-link lqd-overlay lqd-cc-label-trigger z-index-2\" tab-index=\"-1\"><\/a><\/article><\/div><div class=\"lqd-lp-column d-flex flex-column col-md-6 col-sm-6 \"><article id=\"post-12911\" class=\"lqd-lp pos-rel lqd-lp lqd-lp-style-6 lqd-lp-style-6-alt lqd-lp-hover-img-zoom lqd-lp-hover-img-zoom-out lqd-lp-animate-onhover border-radius-4 overflow-hidden text-start post-12911 post type-post status-publish format-standard has-post-thumbnail hentry\">\n<div class=\"lqd-lp-img overflow-hidden\">\n\n\t<figure><img loading=\"lazy\" decoding=\"async\" width=\"640\" height=\"364\" src=\"data:image\/svg+xml;charset=utf-8,%3Csvg xmlns%3D&#039;http%3A%2F%2Fwww.w3.org%2F2000%2Fsvg&#039; viewBox%3D&#039;0 0 640 364&#039;%2F%3E\" class=\"w-100 ld-lazyload wp-post-image\" alt=\"\" itemprop=\"image\" data-src=\"https:\/\/visiodry.fr\/wp-content\/uploads\/2025\/02\/Images-site-visiodry_La-Mutelle-des-motards-2-640x364.png\" data-aspect=\"1.7582417582418\" \/><\/figure>\n\t<div class=\"lqd-lp-meta text-uppercase font-weight-bold pos-rel z-index-3\">\n\t\t\t<\/div>\n\n<\/div>\n\n<header class=\"lqd-lp-header pt-4 ps-3 pe-3 px-3\">\n\n\t<div class=\"lqd-lp-meta lqd-lp-meta-dot-between d-flex flex-wrap align-items-center\">\n\n\t\t<div class=\"lqd-lp-author pos-rel z-index-3\">\n\t\t\t<div class=\"lqd-lp-author-info\">\n\t\t\t\t<h3 class=\"mt-0 mb-0\"><a href=\"https:\/\/visiodry.fr\/nl\/author\/acsinformatique\/\">VisioDry<\/a><\/h3>\n\t\t\t<\/div>\n\t\t<\/div>\n\n\t\t<time class=\"lqd-lp-date\" datetime=\"2025-02-07T12:01:40+00:00\">7 februari 2025<\/time>\n\t<\/div>\n\n\t<h2 class=\"entry-title lqd-lp-title mt-2 mb-0 h5\"><a  href=\"https:\/\/visiodry.fr\/nl\/nieuw-partnerschap-tussen-visiodry-en-mutuelle-des-motards-uw-veiligheid-centraal\/\" rel=\"bookmark\">Nieuw partnerschap tussen VISIODRY\u00ae en Mutuelle des Motards: uw veiligheid centraal<\/a><\/h2>\n<\/header>\n\n\t\t\t<div class=\"lqd-lp-excerpt pt-2 pb-4 ps-3 pe-3 px-3\">\n\t\t\t\tWe zijn verheugd om onze nieuwe samenwerking met de Mutuelle des Motards aan te kondigen, een grote stap voorwaarts en&hellip;\t\t\t<\/div>\n\t\t\n<a  href=\"https:\/\/visiodry.fr\/nl\/nieuw-partnerschap-tussen-visiodry-en-mutuelle-des-motards-uw-veiligheid-centraal\/\" class=\"lqd-lp-overlay-link lqd-overlay lqd-cc-label-trigger z-index-2\" tab-index=\"-1\"><\/a><\/article><\/div><\/div><!--\/ .row --><div class=\"hidden liquid-pf-nav ld-pf-nav-ajax\"><div class=\"page-nav text-center\"><nav aria-label=\"Page navigation\"><a href=\"javascript:void(0)\" data-args=\"{&quot;action&quot;:&quot;liquid_get_ajax_posts&quot;,&quot;posts_per_page&quot;:&quot;10&quot;,&quot;term_classes&quot;:&quot;&quot;,&quot;style&quot;:&quot;style06-alt&quot;,&quot;show_meta&quot;:&quot;no&quot;,&quot;meta_type&quot;:null,&quot;one_category&quot;:null,&quot;title_tag&quot;:&quot;h2&quot;,&quot;use_inheritance&quot;:&quot;&quot;,&quot;tag_to_inherite&quot;:null,&quot;grid_columns&quot;:&quot;2&quot;,&quot;enable_post_excerpt&quot;:&quot;yes&quot;,&quot;post_excerpt_length&quot;:&quot;20&quot;,&quot;show_read_more_button&quot;:null,&quot;items_height&quot;:null}\" class=\"elementor-button btn ws-nowrap ld-ajax-loadmore ws-nowrap \"><span class=\"static d-block\">Load more<\/span><span class=\"loading d-block pos-abs\"><span class=\"dots d-block\"><span class=\"d-inline-block\"><\/span><span class=\"d-inline-block\"><\/span><span class=\"d-inline-block\"><\/span><\/span><span class=\"d-block mt-1\">Loading<\/span><\/span><span class=\"all-loaded d-block pos-abs\">All items loaded <svg width=\"32\" height=\"29\" xmlns=\"http:\/\/www.w3.org\/2000\/svg\" viewBox=\"0 0 32 29\" style=\"width: 1.5em; height: 1.5em; margin-inline-start: 0.5em;\"><path fill=\"currentColor\" d=\"M25.74 6.23c0.38 0.34 0.42 0.9 0.09 1.28l-12.77 14.58a0.91 0.91 0 0 1-1.33 0.04l-5.46-5.46a0.91 0.91 0 1 1 1.29-1.29l4.77 4.78 12.12-13.85a0.91 0.91 0 0 1 1.29-0.08z\"><\/path><\/svg><\/span><\/a><\/nav><\/div><\/div><\/div><\/div>\t\t\t\t<\/div>\n\t\t\t\t<\/div>\n\t\t\t\t\t<\/div>\n\t\t\t\t<\/div>\n\t\t\t\t<\/div>\n\t\t","protected":false},"excerpt":{"rendered":"<p>Partnerschap VisioDry f\u00e9vrier 21, 2025 Maurice Manificat Athl\u00e8te Haut-Niveau en ski de fond depuis plus de 15ans, 4x m\u00e9daill\u00e9 olympique, [&hellip;]<\/p>\n","protected":false},"author":1,"featured_media":0,"parent":0,"menu_order":0,"comment_status":"closed","ping_status":"closed","template":"","meta":{"footnotes":""},"class_list":["post-12589","page","type-page","status-publish","hentry"],"yoast_head":"<!-- This site is optimized with the Yoast SEO plugin v27.2 - https:\/\/yoast.com\/product\/yoast-seo-wordpress\/ -->\n<title>Partnerschap - VisioDry<\/title>\n<meta name=\"robots\" content=\"index, follow, max-snippet:-1, max-image-preview:large, max-video-preview:-1\" \/>\n<link rel=\"canonical\" href=\"https:\/\/visiodry.fr\/partenariat\/\" \/>\n<meta property=\"og:locale\" content=\"nl_NL\" \/>\n<meta property=\"og:type\" content=\"article\" \/>\n<meta property=\"og:title\" content=\"Partnerschap - VisioDry\" \/>\n<meta property=\"og:description\" content=\"Partnerschap VisioDry f\u00e9vrier 21, 2025 Maurice Manificat Athl\u00e8te Haut-Niveau en ski de fond depuis plus de 15ans, 4x m\u00e9daill\u00e9 olympique, [&hellip;]\" \/>\n<meta property=\"og:url\" content=\"https:\/\/visiodry.fr\/partenariat\/\" \/>\n<meta property=\"og:site_name\" content=\"VisioDry\" \/>\n<meta property=\"article:publisher\" content=\"https:\/\/www.facebook.com\/VISIODRY\/\" \/>\n<meta property=\"article:modified_time\" content=\"2025-03-21T12:05:46+00:00\" \/>\n<meta name=\"twitter:card\" content=\"summary_large_image\" \/>\n<meta name=\"twitter:label1\" content=\"Geschatte leestijd\" \/>\n\t<meta name=\"twitter:data1\" content=\"1 minuut\" \/>\n<script type=\"application\/ld+json\" class=\"yoast-schema-graph\">{\"@context\":\"https:\/\/schema.org\",\"@graph\":[{\"@type\":\"WebPage\",\"@id\":\"https:\/\/visiodry.fr\/partenariat\/\",\"url\":\"https:\/\/visiodry.fr\/partenariat\/\",\"name\":\"Partnerschap - VisioDry\",\"isPartOf\":{\"@id\":\"https:\/\/visiodry.fr\/#website\"},\"datePublished\":\"2025-02-07T11:55:31+00:00\",\"dateModified\":\"2025-03-21T12:05:46+00:00\",\"breadcrumb\":{\"@id\":\"https:\/\/visiodry.fr\/partenariat\/#breadcrumb\"},\"inLanguage\":\"nl-NL\",\"potentialAction\":[{\"@type\":\"ReadAction\",\"target\":[\"https:\/\/visiodry.fr\/partenariat\/\"]}]},{\"@type\":\"BreadcrumbList\",\"@id\":\"https:\/\/visiodry.fr\/partenariat\/#breadcrumb\",\"itemListElement\":[{\"@type\":\"ListItem\",\"position\":1,\"name\":\"Home\",\"item\":\"https:\/\/visiodry.fr\/nl\/\"},{\"@type\":\"ListItem\",\"position\":2,\"name\":\"Partnerschap\"}]},{\"@type\":\"WebSite\",\"@id\":\"https:\/\/visiodry.fr\/#website\",\"url\":\"https:\/\/visiodry.fr\/\",\"name\":\"VisioDry\",\"description\":\"\",\"publisher\":{\"@id\":\"https:\/\/visiodry.fr\/#organization\"},\"potentialAction\":[{\"@type\":\"SearchAction\",\"target\":{\"@type\":\"EntryPoint\",\"urlTemplate\":\"https:\/\/visiodry.fr\/?s={search_term_string}\"},\"query-input\":{\"@type\":\"PropertyValueSpecification\",\"valueRequired\":true,\"valueName\":\"search_term_string\"}}],\"inLanguage\":\"nl-NL\"},{\"@type\":\"Organization\",\"@id\":\"https:\/\/visiodry.fr\/#organization\",\"name\":\"VisioDry\",\"url\":\"https:\/\/visiodry.fr\/\",\"logo\":{\"@type\":\"ImageObject\",\"inLanguage\":\"nl-NL\",\"@id\":\"https:\/\/visiodry.fr\/#\/schema\/logo\/image\/\",\"url\":\"https:\/\/visiodry.fr\/wp-content\/uploads\/2025\/02\/Logo-Dry.png\",\"contentUrl\":\"https:\/\/visiodry.fr\/wp-content\/uploads\/2025\/02\/Logo-Dry.png\",\"width\":787,\"height\":454,\"caption\":\"VisioDry\"},\"image\":{\"@id\":\"https:\/\/visiodry.fr\/#\/schema\/logo\/image\/\"},\"sameAs\":[\"https:\/\/www.facebook.com\/VISIODRY\/\",\"https:\/\/www.tiktok.com\/@visiodry\",\"https:\/\/www.instagram.com\/visiodry\/\"]}]}<\/script>\n<!-- \/ Yoast SEO plugin. -->","yoast_head_json":{"title":"Partnerschap - VisioDry","robots":{"index":"index","follow":"follow","max-snippet":"max-snippet:-1","max-image-preview":"max-image-preview:large","max-video-preview":"max-video-preview:-1"},"canonical":"https:\/\/visiodry.fr\/partenariat\/","og_locale":"nl_NL","og_type":"article","og_title":"Partnerschap - VisioDry","og_description":"Partnerschap VisioDry f\u00e9vrier 21, 2025 Maurice Manificat Athl\u00e8te Haut-Niveau en ski de fond depuis plus de 15ans, 4x m\u00e9daill\u00e9 olympique, [&hellip;]","og_url":"https:\/\/visiodry.fr\/partenariat\/","og_site_name":"VisioDry","article_publisher":"https:\/\/www.facebook.com\/VISIODRY\/","article_modified_time":"2025-03-21T12:05:46+00:00","twitter_card":"summary_large_image","twitter_misc":{"Geschatte leestijd":"1 minuut"},"schema":{"@context":"https:\/\/schema.org","@graph":[{"@type":"WebPage","@id":"https:\/\/visiodry.fr\/partenariat\/","url":"https:\/\/visiodry.fr\/partenariat\/","name":"Partnerschap - VisioDry","isPartOf":{"@id":"https:\/\/visiodry.fr\/#website"},"datePublished":"2025-02-07T11:55:31+00:00","dateModified":"2025-03-21T12:05:46+00:00","breadcrumb":{"@id":"https:\/\/visiodry.fr\/partenariat\/#breadcrumb"},"inLanguage":"nl-NL","potentialAction":[{"@type":"ReadAction","target":["https:\/\/visiodry.fr\/partenariat\/"]}]},{"@type":"BreadcrumbList","@id":"https:\/\/visiodry.fr\/partenariat\/#breadcrumb","itemListElement":[{"@type":"ListItem","position":1,"name":"Home","item":"https:\/\/visiodry.fr\/nl\/"},{"@type":"ListItem","position":2,"name":"Partnerschap"}]},{"@type":"WebSite","@id":"https:\/\/visiodry.fr\/#website","url":"https:\/\/visiodry.fr\/","name":"VisioDry","description":"","publisher":{"@id":"https:\/\/visiodry.fr\/#organization"},"potentialAction":[{"@type":"SearchAction","target":{"@type":"EntryPoint","urlTemplate":"https:\/\/visiodry.fr\/?s={search_term_string}"},"query-input":{"@type":"PropertyValueSpecification","valueRequired":true,"valueName":"search_term_string"}}],"inLanguage":"nl-NL"},{"@type":"Organization","@id":"https:\/\/visiodry.fr\/#organization","name":"VisioDry","url":"https:\/\/visiodry.fr\/","logo":{"@type":"ImageObject","inLanguage":"nl-NL","@id":"https:\/\/visiodry.fr\/#\/schema\/logo\/image\/","url":"https:\/\/visiodry.fr\/wp-content\/uploads\/2025\/02\/Logo-Dry.png","contentUrl":"https:\/\/visiodry.fr\/wp-content\/uploads\/2025\/02\/Logo-Dry.png","width":787,"height":454,"caption":"VisioDry"},"image":{"@id":"https:\/\/visiodry.fr\/#\/schema\/logo\/image\/"},"sameAs":["https:\/\/www.facebook.com\/VISIODRY\/","https:\/\/www.tiktok.com\/@visiodry","https:\/\/www.instagram.com\/visiodry\/"]}]}},"_links":{"self":[{"href":"https:\/\/visiodry.fr\/nl\/wp-json\/wp\/v2\/pages\/12589","targetHints":{"allow":["GET"]}}],"collection":[{"href":"https:\/\/visiodry.fr\/nl\/wp-json\/wp\/v2\/pages"}],"about":[{"href":"https:\/\/visiodry.fr\/nl\/wp-json\/wp\/v2\/types\/page"}],"author":[{"embeddable":true,"href":"https:\/\/visiodry.fr\/nl\/wp-json\/wp\/v2\/users\/1"}],"replies":[{"embeddable":true,"href":"https:\/\/visiodry.fr\/nl\/wp-json\/wp\/v2\/comments?post=12589"}],"version-history":[{"count":2,"href":"https:\/\/visiodry.fr\/nl\/wp-json\/wp\/v2\/pages\/12589\/revisions"}],"predecessor-version":[{"id":12596,"href":"https:\/\/visiodry.fr\/nl\/wp-json\/wp\/v2\/pages\/12589\/revisions\/12596"}],"wp:attachment":[{"href":"https:\/\/visiodry.fr\/nl\/wp-json\/wp\/v2\/media?parent=12589"}],"curies":[{"name":"wp","href":"https:\/\/api.w.org\/{rel}","templated":true}]}}