{"id":12614,"date":"2025-01-27T14:51:18","date_gmt":"2025-01-27T14:51:18","guid":{"rendered":"https:\/\/visiodry.fr\/individual\/"},"modified":"2025-03-26T12:22:05","modified_gmt":"2025-03-26T12:22:05","slug":"individual","status":"publish","type":"page","link":"https:\/\/visiodry.fr\/es\/individual\/","title":{"rendered":"Individual"},"content":{"rendered":"\t\t<div data-elementor-type=\"wp-page\" data-elementor-id=\"12614\" class=\"elementor elementor-12614 elementor-7555\">\n\t\t\t\t<div class=\"elementor-element elementor-element-9ffcde7 e-flex e-con-boxed e-con e-parent\" data-id=\"9ffcde7\" data-element_type=\"container\" data-e-type=\"container\" data-settings=\"{&quot;background_background&quot;:&quot;classic&quot;}\">\n\t\t\t\t\t<div class=\"e-con-inner\">\n\t\t<div class=\"elementor-element elementor-element-2f56d53 e-con-full e-flex e-con e-child\" data-id=\"2f56d53\" data-element_type=\"container\" data-e-type=\"container\">\n\t\t\t\t<div class=\"elementor-element elementor-element-08d9d37 elementor-widget elementor-widget-heading\" data-id=\"08d9d37\" data-element_type=\"widget\" data-e-type=\"widget\" data-widget_type=\"heading.default\">\n\t\t\t\t<div class=\"elementor-widget-container\">\n\t\t\t\t\t<h2 class=\"elementor-heading-title elementor-size-default\">Comprar  <\/h2>\t\t\t\t<\/div>\n\t\t\t\t<\/div>\n\t\t\t\t<div class=\"elementor-element elementor-element-dba2e9f elementor-widget__width-initial elementor-widget-mobile__width-inherit elementor-widget elementor-widget-hub_fancy_heading\" data-id=\"dba2e9f\" data-element_type=\"widget\" data-e-type=\"widget\" data-widget_type=\"hub_fancy_heading.default\">\n\t\t\t\t<div class=\"elementor-widget-container\">\n\t\t\t\t\t\n\t\t<div id=\"ld-fancy-heading-69ee1a020a185\" class=\"ld-fancy-heading pos-rel\">\n\t\t\t<p class=\"ld-fh-element d-inline-block pos-rel  lqd-highlight-classic lqd-highlight-grow-left p\"  > \u00bfQuieres aprovechar las prestaciones de VisioDry para tener una visibilidad \u00f3ptima a diario? Encuentra nuestro producto en nuestros distribuidores asociados o p\u00eddelo en l\u00ednea con s\u00f3lo unos clics. Disfruta de una visi\u00f3n perfecta, haga el tiempo que haga.    <\/p>\t\t<\/div>\n\n\t\t\t\t\t\t<\/div>\n\t\t\t\t<\/div>\n\t\t\t\t<\/div>\n\t\t\t\t\t<\/div>\n\t\t\t\t<\/div>\n\t\t<div class=\"elementor-element elementor-element-93c6c0a e-con-full elementor-hidden-desktop elementor-hidden-tablet elementor-hidden-mobile e-flex e-con e-parent\" data-id=\"93c6c0a\" data-element_type=\"container\" data-e-type=\"container\">\n\t\t\t\t<div class=\"elementor-element elementor-element-91eefab elementor-widget elementor-widget-text-editor\" data-id=\"91eefab\" data-element_type=\"widget\" data-e-type=\"widget\" data-widget_type=\"text-editor.default\">\n\t\t\t\t<div class=\"elementor-widget-container\">\n\t\t\t\t\t\t\t\t\t<p>[open-user-map]<\/p>\t\t\t\t\t\t\t\t<\/div>\n\t\t\t\t<\/div>\n\t\t\t\t<\/div>\n\t\t<div class=\"elementor-element elementor-element-2d40974 e-con-full elementor-hidden-desktop elementor-hidden-tablet elementor-hidden-mobile e-flex e-con e-parent\" data-id=\"2d40974\" data-element_type=\"container\" data-e-type=\"container\">\n\t\t\t\t<\/div>\n\t\t<div class=\"elementor-element elementor-element-5929b10 e-con-full e-flex e-con e-parent\" data-id=\"5929b10\" data-element_type=\"container\" data-e-type=\"container\">\n\t\t\t\t<div class=\"elementor-element elementor-element-f66e33f elementor-widget elementor-widget-text-editor\" data-id=\"f66e33f\" data-element_type=\"widget\" data-e-type=\"widget\" data-widget_type=\"text-editor.default\">\n\t\t\t\t<div class=\"elementor-widget-container\">\n\t\t\t\t\t\t\t\t\t<iframe src=\"https:\/\/www.google.com\/maps\/d\/u\/0\/embed?mid=1dKXeBjOE8dlxJv7ITBBRRC0acDx0KqA&amp;ehbc=2E312F&amp;noprof=1\" width=\"800\" height=\"600\"><span data-mce-type=\"bookmark\" style=\"display: inline-block; width: 0px; overflow: hidden; line-height: 0;\" class=\"mce_SELRES_start\"><\/span><\/iframe>\t\t\t\t\t\t\t\t<\/div>\n\t\t\t\t<\/div>\n\t\t\t\t<\/div>\n\t\t\t\t<\/div>\n\t\t","protected":false},"excerpt":{"rendered":"<p>Comprar \u00bfQuieres aprovechar las prestaciones de VisioDry para tener una visibilidad \u00f3ptima a diario? Encuentra nuestro producto en nuestros distribuidores asociados o p\u00eddelo en l\u00ednea con s\u00f3lo unos clics. Disfruta de una visi\u00f3n perfecta, haga el tiempo que haga. [open-user-map]<\/p>\n","protected":false},"author":1,"featured_media":0,"parent":0,"menu_order":0,"comment_status":"closed","ping_status":"closed","template":"","meta":{"footnotes":""},"class_list":["post-12614","page","type-page","status-publish","hentry"],"yoast_head":"<!-- This site is optimized with the Yoast SEO plugin v27.2 - https:\/\/yoast.com\/product\/yoast-seo-wordpress\/ -->\n<title>Individual - VisioDry<\/title>\n<meta name=\"robots\" content=\"index, follow, max-snippet:-1, max-image-preview:large, max-video-preview:-1\" \/>\n<link rel=\"canonical\" href=\"https:\/\/visiodry.fr\/particulier\/\" \/>\n<meta property=\"og:locale\" content=\"es_ES\" \/>\n<meta property=\"og:type\" content=\"article\" \/>\n<meta property=\"og:title\" content=\"Individual - VisioDry\" \/>\n<meta property=\"og:description\" content=\"Comprar \u00bfQuieres aprovechar las prestaciones de VisioDry para tener una visibilidad \u00f3ptima a diario? Encuentra nuestro producto en nuestros distribuidores asociados o p\u00eddelo en l\u00ednea con s\u00f3lo unos clics. Disfruta de una visi\u00f3n perfecta, haga el tiempo que haga. [open-user-map]\" \/>\n<meta property=\"og:url\" content=\"https:\/\/visiodry.fr\/particulier\/\" \/>\n<meta property=\"og:site_name\" content=\"VisioDry\" \/>\n<meta property=\"article:publisher\" content=\"https:\/\/www.facebook.com\/VISIODRY\/\" \/>\n<meta property=\"article:modified_time\" content=\"2025-03-26T12:22:05+00:00\" \/>\n<meta name=\"twitter:card\" content=\"summary_large_image\" \/>\n<script type=\"application\/ld+json\" class=\"yoast-schema-graph\">{\"@context\":\"https:\/\/schema.org\",\"@graph\":[{\"@type\":\"WebPage\",\"@id\":\"https:\/\/visiodry.fr\/particulier\/\",\"url\":\"https:\/\/visiodry.fr\/particulier\/\",\"name\":\"Individual - VisioDry\",\"isPartOf\":{\"@id\":\"https:\/\/visiodry.fr\/#website\"},\"datePublished\":\"2025-01-27T14:51:18+00:00\",\"dateModified\":\"2025-03-26T12:22:05+00:00\",\"breadcrumb\":{\"@id\":\"https:\/\/visiodry.fr\/particulier\/#breadcrumb\"},\"inLanguage\":\"es\",\"potentialAction\":[{\"@type\":\"ReadAction\",\"target\":[\"https:\/\/visiodry.fr\/particulier\/\"]}]},{\"@type\":\"BreadcrumbList\",\"@id\":\"https:\/\/visiodry.fr\/particulier\/#breadcrumb\",\"itemListElement\":[{\"@type\":\"ListItem\",\"position\":1,\"name\":\"Home\",\"item\":\"https:\/\/visiodry.fr\/es\/\"},{\"@type\":\"ListItem\",\"position\":2,\"name\":\"Individual\"}]},{\"@type\":\"WebSite\",\"@id\":\"https:\/\/visiodry.fr\/#website\",\"url\":\"https:\/\/visiodry.fr\/\",\"name\":\"VisioDry\",\"description\":\"\",\"publisher\":{\"@id\":\"https:\/\/visiodry.fr\/#organization\"},\"potentialAction\":[{\"@type\":\"SearchAction\",\"target\":{\"@type\":\"EntryPoint\",\"urlTemplate\":\"https:\/\/visiodry.fr\/?s={search_term_string}\"},\"query-input\":{\"@type\":\"PropertyValueSpecification\",\"valueRequired\":true,\"valueName\":\"search_term_string\"}}],\"inLanguage\":\"es\"},{\"@type\":\"Organization\",\"@id\":\"https:\/\/visiodry.fr\/#organization\",\"name\":\"VisioDry\",\"url\":\"https:\/\/visiodry.fr\/\",\"logo\":{\"@type\":\"ImageObject\",\"inLanguage\":\"es\",\"@id\":\"https:\/\/visiodry.fr\/#\/schema\/logo\/image\/\",\"url\":\"https:\/\/visiodry.fr\/wp-content\/uploads\/2025\/02\/Logo-Dry.png\",\"contentUrl\":\"https:\/\/visiodry.fr\/wp-content\/uploads\/2025\/02\/Logo-Dry.png\",\"width\":787,\"height\":454,\"caption\":\"VisioDry\"},\"image\":{\"@id\":\"https:\/\/visiodry.fr\/#\/schema\/logo\/image\/\"},\"sameAs\":[\"https:\/\/www.facebook.com\/VISIODRY\/\",\"https:\/\/www.tiktok.com\/@visiodry\",\"https:\/\/www.instagram.com\/visiodry\/\"]}]}<\/script>\n<!-- \/ Yoast SEO plugin. -->","yoast_head_json":{"title":"Individual - VisioDry","robots":{"index":"index","follow":"follow","max-snippet":"max-snippet:-1","max-image-preview":"max-image-preview:large","max-video-preview":"max-video-preview:-1"},"canonical":"https:\/\/visiodry.fr\/particulier\/","og_locale":"es_ES","og_type":"article","og_title":"Individual - VisioDry","og_description":"Comprar \u00bfQuieres aprovechar las prestaciones de VisioDry para tener una visibilidad \u00f3ptima a diario? Encuentra nuestro producto en nuestros distribuidores asociados o p\u00eddelo en l\u00ednea con s\u00f3lo unos clics. Disfruta de una visi\u00f3n perfecta, haga el tiempo que haga. [open-user-map]","og_url":"https:\/\/visiodry.fr\/particulier\/","og_site_name":"VisioDry","article_publisher":"https:\/\/www.facebook.com\/VISIODRY\/","article_modified_time":"2025-03-26T12:22:05+00:00","twitter_card":"summary_large_image","schema":{"@context":"https:\/\/schema.org","@graph":[{"@type":"WebPage","@id":"https:\/\/visiodry.fr\/particulier\/","url":"https:\/\/visiodry.fr\/particulier\/","name":"Individual - VisioDry","isPartOf":{"@id":"https:\/\/visiodry.fr\/#website"},"datePublished":"2025-01-27T14:51:18+00:00","dateModified":"2025-03-26T12:22:05+00:00","breadcrumb":{"@id":"https:\/\/visiodry.fr\/particulier\/#breadcrumb"},"inLanguage":"es","potentialAction":[{"@type":"ReadAction","target":["https:\/\/visiodry.fr\/particulier\/"]}]},{"@type":"BreadcrumbList","@id":"https:\/\/visiodry.fr\/particulier\/#breadcrumb","itemListElement":[{"@type":"ListItem","position":1,"name":"Home","item":"https:\/\/visiodry.fr\/es\/"},{"@type":"ListItem","position":2,"name":"Individual"}]},{"@type":"WebSite","@id":"https:\/\/visiodry.fr\/#website","url":"https:\/\/visiodry.fr\/","name":"VisioDry","description":"","publisher":{"@id":"https:\/\/visiodry.fr\/#organization"},"potentialAction":[{"@type":"SearchAction","target":{"@type":"EntryPoint","urlTemplate":"https:\/\/visiodry.fr\/?s={search_term_string}"},"query-input":{"@type":"PropertyValueSpecification","valueRequired":true,"valueName":"search_term_string"}}],"inLanguage":"es"},{"@type":"Organization","@id":"https:\/\/visiodry.fr\/#organization","name":"VisioDry","url":"https:\/\/visiodry.fr\/","logo":{"@type":"ImageObject","inLanguage":"es","@id":"https:\/\/visiodry.fr\/#\/schema\/logo\/image\/","url":"https:\/\/visiodry.fr\/wp-content\/uploads\/2025\/02\/Logo-Dry.png","contentUrl":"https:\/\/visiodry.fr\/wp-content\/uploads\/2025\/02\/Logo-Dry.png","width":787,"height":454,"caption":"VisioDry"},"image":{"@id":"https:\/\/visiodry.fr\/#\/schema\/logo\/image\/"},"sameAs":["https:\/\/www.facebook.com\/VISIODRY\/","https:\/\/www.tiktok.com\/@visiodry","https:\/\/www.instagram.com\/visiodry\/"]}]}},"_links":{"self":[{"href":"https:\/\/visiodry.fr\/es\/wp-json\/wp\/v2\/pages\/12614","targetHints":{"allow":["GET"]}}],"collection":[{"href":"https:\/\/visiodry.fr\/es\/wp-json\/wp\/v2\/pages"}],"about":[{"href":"https:\/\/visiodry.fr\/es\/wp-json\/wp\/v2\/types\/page"}],"author":[{"embeddable":true,"href":"https:\/\/visiodry.fr\/es\/wp-json\/wp\/v2\/users\/1"}],"replies":[{"embeddable":true,"href":"https:\/\/visiodry.fr\/es\/wp-json\/wp\/v2\/comments?post=12614"}],"version-history":[{"count":2,"href":"https:\/\/visiodry.fr\/es\/wp-json\/wp\/v2\/pages\/12614\/revisions"}],"predecessor-version":[{"id":13875,"href":"https:\/\/visiodry.fr\/es\/wp-json\/wp\/v2\/pages\/12614\/revisions\/13875"}],"wp:attachment":[{"href":"https:\/\/visiodry.fr\/es\/wp-json\/wp\/v2\/media?parent=12614"}],"curies":[{"name":"wp","href":"https:\/\/api.w.org\/{rel}","templated":true}]}}